{"id":6,"date":"2021-05-26T19:37:32","date_gmt":"2021-05-26T19:37:32","guid":{"rendered":"https:\/\/www.kabelunterkulm.ch\/?page_id=6"},"modified":"2024-09-27T10:27:39","modified_gmt":"2024-09-27T10:27:39","slug":"ueber-uns","status":"publish","type":"page","link":"https:\/\/kabelunterkulm.ch\/?page_id=6","title":{"rendered":"\u00dcber uns"},"content":{"rendered":"\n<h2 class=\"wp-block-heading\">Zweck<\/h2>\n\n\n\n<p>Wahrung und F\u00f6rderung der Interessen ihrer Mitglieder durch den Bau und Unterhalt eines Kabelnetzes zur Durchleitung der Signale f\u00fcr analoges und digitales TV, Radio, Internet und Telefonie.<\/p>\n\n\n\n<h2 class=\"wp-block-heading\">Organisation<\/h2>\n\n\n\n<p>Die Genossenschaft Gemeinschaftsantenne Unterkulm ist im Handelsregister eingetragen. Die F\u00fchrung obliegt der Verwaltung&nbsp;und der Generalversammlung.<br>F\u00fcr weitere Informationen siehe \u00abStatuten\u00bb<\/p>\n\n\n\n<h2 class=\"wp-block-heading\">Mitgliedschaft<\/h2>\n\n\n\n<p>Innerhalb des Genossenschaftskreises kann jeder Liegenschaftsbesitzer Mitglied der Genossenschaft werden. Die Generalversammlung umschreibt den Genossenschaftskreis.<br><br>Die Aufnahme neuer Mitglieder erfolgt auf schriftliche Anmeldung hin durch die Verwaltung.<\/p>\n\n\n\n<h2 class=\"wp-block-heading\">Beantragen von Neuanschluss<\/h2>\n\n\n\n<p>Jeder Liegenschaftsbesitzer \/ Jede Liegenschaftsbesitzerin innerhalb des Genossenschaftskreises kann einen Kabelanschluss an Ihre Liegenschaft beantragen. Dies gilt gleichzeitig als Antrag zur Mitgliedschaft in der Genossenschaft.<br><br>Wenden Sie sich per Mail an:\u00a0<a href=\"mailto:ggu@zik5726.ch\">ggu@zik5726.ch<\/a><\/p>\n\n\n\n<h2 class=\"wp-block-heading\">Benutzungsgeb\u00fchren<\/h2>\n\n\n\n<p>Die aktuell g\u00fcltigen <a href=\"https:\/\/www.ziknet.ch\/ueber-uns\/organisation\/kabelnetze.html\/158\" target=\"_blank\" rel=\"noreferrer noopener\">Benutzungsgeb\u00fchren von CHF 25.00 \/ Mt.<\/a> werden auf der Ziknet-Seite publiziert.<\/p>\n\n\n\n<h2 class=\"wp-block-heading\"><strong>Statuten<\/strong><\/h2>\n\n\n\n<p><a rel=\"noreferrer noopener\" href=\"https:\/\/www.ziknet.ch\/public\/upload\/assets\/730\/Statuten1304021819034.pdf\" target=\"_blank\">Statuten&nbsp;(28.04.2011)&nbsp;&nbsp;[PDF, 106 KB]<\/a><\/p>\n\n\n\n<h2 class=\"wp-block-heading\"><strong>Bei uns haben Sie fl\u00e4chendeckend ein schnelles Internet:<\/strong><\/h2>\n\n\n\n<p>Aktuell erhalten Sie auf dem Kabel in Unterkulm eine maximale Datenrate von 500Mb\/s, und dies bis zu den entferntesten Anschl\u00fcssen im Netz.<\/p>\n\n\n\n<h3 class=\"wp-block-heading\">Die zwei Benutzungsarten<\/h3>\n\n\n\n<ol class=\"wp-block-list\">\n<li><strong>Nur Grundanschluss<\/strong><br>Sie k\u00f6nnen eine grosse Anzahl digitale TV-Sender empfangen sowie viele UKW-Radiosender. Die komplette Senderliste k\u00f6nnen Sie <a href=\"https:\/\/www.quickline.ch\/fernsehen\/sender\/senderangebot\/\" target=\"_blank\" rel=\"noreferrer noopener\">hier<\/a>ansehen. Sie ben\u00f6tigen dazu keine zus\u00e4tzlichen Ger\u00e4te wie Modem oder Set Top Box.<br>Kosten: Monatliche Ben\u00fctzungsgeb\u00fchr der Genossenschaft Gemeinschaftsantenne Unterkulm, diese sehen Sie bei den <a href=\"http:\/\/www.ziknet.ch\/xml_1\/internet\/de\/application\/d251\/d55\/d56\/f135.cfm\">Geb\u00fchren<\/a><\/li>\n\n\n\n<li><strong>Grundanschluss mit zus\u00e4tzlichen Kommunikationsprodukten<\/strong><br>Sie erwerben zus\u00e4tzliche Kommunikationsprodukte von ziknet bzw. Quickline wie <strong>All-in-One, Internet, Digital-TV, Festnetz, Mobile<\/strong>.<\/li>\n<\/ol>\n\n\n\n<p>Informationen und Preise zu diesen Produkten finden Sie in der Lasche <a rel=\"noreferrer noopener\" href=\"https:\/\/www.quickline.ch\/\" target=\"_blank\">Signalprovider<\/a><\/p>\n\n\n\n<h2 class=\"wp-block-heading\">Entplombierung des TV-Kabelanschlusses <\/h2>\n\n\n\n<figure class=\"wp-block-image size-full\"><img loading=\"lazy\" decoding=\"async\" width=\"224\" height=\"195\" src=\"https:\/\/kabelunterkulm.ch\/wp-content\/uploads\/2024\/09\/image.png\" alt=\"\" class=\"wp-image-450 img-responsive\"\/><\/figure>\n\n\n\n<p>Wenn Sie in Ihrer neu bezogenen Wohnung eine TV-Antennendose vorfinden, welche plombiert ist, rufen Sie die folgende Telefonnummer an:&nbsp;<strong>079 328 63 14<\/strong><br>Oder schreiben Sie ein Mail an:&nbsp;<a href=\"mailto:ggu@zik5726.ch\">ggu@zik5726.ch<\/a><\/p>\n\n\n\n<p>Sie werden mit dem zust\u00e4ndigen Genossenschafts-Verwaltungsmitglied verbunden, so dass eine Entplombierung kurzfristig vereinbart werden kann.<\/p>\n\n\n\n<p>Nach der Entplombierung stehen Ihnen sofort \u00fcber 100 Fernsehkan\u00e4le zur Verf\u00fcgung. F\u00fcr zahlungspflichtige Fernsehkan\u00e4le sowie f\u00fcr Internet und Telefonie wenden Sie sich bitte an <a href=\"https:\/\/www.quickline.ch\/\" target=\"_blank\" rel=\"noreferrer noopener\">Quickline<\/a> und bestellen Sie die gew\u00fcnschten zus\u00e4tzlichen Dienste.<\/p>\n\n\n\n<p>Sie k\u00f6nnen aber auch direkt zu folgendem Quickline-Shop gehen:<br>Ziknet bzw. TBS<br>M\u00fchleweg 1<br>5034 Suhr<\/p>\n\n\n\n<h2 class=\"wp-block-heading\">Beratung<\/h2>\n\n\n\n<p>Sind Sie interessiert, nebst TV- und Radioempfang auch Internet oder Telefonie \u00fcber das Kabel zu nutzen und wissen nicht wie vorzugehen ist? <a href=\"https:\/\/www.tvkoenig.ch\/\" target=\"_blank\" rel=\"noreferrer noopener\">Radio TV K\u00f6nig hilft Ihnen weiter<\/a><\/p>\n\n\n\n<p>F\u00fcr Fragen zu den Dienstleistungen der ziknet, unserem Signalprovider, k\u00f6nnen Sie sich direkt an <a rel=\"noreferrer noopener\" href=\"https:\/\/www.ziknet.ch\/\" target=\"_blank\">ziknet <\/a>wenden.<\/p>\n\n\n\n<h2 class=\"wp-block-heading\">Laufender Ausbau der Kabelanlage<\/h2>\n\n\n\n<p>Die Kabelanlage befindet sich in einem stetigen Prozess der Erneuerung. Bedingt durch den Umstand, dass immer mehr TV-Programme und ein schnelleres Internet gew\u00fcnscht werden, werden die Kupferkabel vom Einspeisepunkt her in Richtung der einzelnen H\u00e4user und Wohnungen sukzessive durch Glasfaserkabel ersetzt.<\/p>\n\n\n\n<p>Schlussendlich, im Zeithorizont 2025 bis 2035 Jahren, werden auch die H\u00e4user direkt mit Glasfaserkabel erschlossen sein. Dies kann im Einzelfall bedeuten, dass eine neue Hauszuleitung gegraben werden muss, n\u00e4mlich dann, wenn das Kupferkabel nicht mehr aus dem Schutzrohr herausgezogen werden kann.<\/p>\n\n\n\n<p>Daher bitten wir alle Genossenschafter und Genossenschafterinnen, bei anstehenden Garten- oder Umgebungssanierungen die Verwaltung der Genossenschaft zu kontaktieren, damit gekl\u00e4rt werden kann, ob vorsorglich ein Leerrohr f\u00fcr einen sp\u00e4teren Glasfaseranschluss eingelegt werden soll.<\/p>\n","protected":false},"excerpt":{"rendered":"<p>Zweck Wahrung und F\u00f6rderung der Interessen ihrer Mitglieder durch den Bau und Unterhalt eines Kabelnetzes zur Durchleitung der Signale f\u00fcr analoges und digitales TV, Radio, Internet und [&hellip;]<\/p>\n","protected":false},"author":1,"featured_media":32,"parent":0,"menu_order":0,"comment_status":"closed","ping_status":"closed","template":"template-fullwidth.php","meta":{"footnotes":""},"class_list":["post-6","page","type-page","status-publish","has-post-thumbnail","hentry"],"_links":{"self":[{"href":"https:\/\/kabelunterkulm.ch\/index.php?rest_route=\/wp\/v2\/pages\/6","targetHints":{"allow":["GET"]}}],"collection":[{"href":"https:\/\/kabelunterkulm.ch\/index.php?rest_route=\/wp\/v2\/pages"}],"about":[{"href":"https:\/\/kabelunterkulm.ch\/index.php?rest_route=\/wp\/v2\/types\/page"}],"author":[{"embeddable":true,"href":"https:\/\/kabelunterkulm.ch\/index.php?rest_route=\/wp\/v2\/users\/1"}],"replies":[{"embeddable":true,"href":"https:\/\/kabelunterkulm.ch\/index.php?rest_route=%2Fwp%2Fv2%2Fcomments&post=6"}],"version-history":[{"count":10,"href":"https:\/\/kabelunterkulm.ch\/index.php?rest_route=\/wp\/v2\/pages\/6\/revisions"}],"predecessor-version":[{"id":458,"href":"https:\/\/kabelunterkulm.ch\/index.php?rest_route=\/wp\/v2\/pages\/6\/revisions\/458"}],"wp:featuredmedia":[{"embeddable":true,"href":"https:\/\/kabelunterkulm.ch\/index.php?rest_route=\/wp\/v2\/media\/32"}],"wp:attachment":[{"href":"https:\/\/kabelunterkulm.ch\/index.php?rest_route=%2Fwp%2Fv2%2Fmedia&parent=6"}],"curies":[{"name":"wp","href":"https:\/\/api.w.org\/{rel}","templated":true}]}}